{"id":88,"date":"2024-12-30T05:44:28","date_gmt":"2024-12-30T05:44:28","guid":{"rendered":"https:\/\/artmart-wp.egenstheme.com\/?page_id=88"},"modified":"2026-02-27T08:16:07","modified_gmt":"2026-02-27T07:16:07","slug":"galerie-art-contemporain","status":"publish","type":"page","link":"https:\/\/ericbrugier.com\/en\/","title":{"rendered":"Home"},"content":{"rendered":"<div data-elementor-type=\"wp-page\" data-elementor-id=\"88\" class=\"elementor elementor-88\">\n\t\t\t\t<div class=\"elementor-element elementor-element-0cfd4b9 e-flex e-con-boxed wpr-particle-no wpr-jarallax-no wpr-parallax-no wpr-sticky-section-no e-con e-parent\" data-id=\"0cfd4b9\" data-element_type=\"container\" data-e-type=\"container\">\n\t\t\t\t\t<div class=\"e-con-inner\">\n\t\t<div class=\"elementor-element elementor-element-ba4ba1f e-con-full e-flex wpr-particle-no wpr-jarallax-no wpr-parallax-no wpr-sticky-section-no e-con e-child\" data-id=\"ba4ba1f\" data-element_type=\"container\" data-e-type=\"container\">\n\t\t\t\t<div class=\"elementor-element elementor-element-2a10179 elementor-invisible elementor-widget elementor-widget-image-carousel\" data-id=\"2a10179\" data-element_type=\"widget\" data-e-type=\"widget\" data-settings=\"{&quot;slides_to_show&quot;:&quot;1&quot;,&quot;autoplay_speed&quot;:3000,&quot;navigation&quot;:&quot;none&quot;,&quot;_animation&quot;:&quot;fadeIn&quot;,&quot;effect&quot;:&quot;fade&quot;,&quot;autoplay&quot;:&quot;yes&quot;,&quot;pause_on_interaction&quot;:&quot;yes&quot;,&quot;infinite&quot;:&quot;yes&quot;,&quot;speed&quot;:500}\" data-widget_type=\"image-carousel.default\">\n\t\t\t\t\t\t\t<div class=\"elementor-image-carousel-wrapper swiper\" role=\"region\" aria-roledescription=\"carousel\" aria-label=\"Image carousel\" dir=\"ltr\">\n\t\t\t<div class=\"elementor-image-carousel swiper-wrapper\" aria-live=\"off\">\n\t\t\t\t\t\t\t\t<div class=\"swiper-slide\" role=\"group\" aria-roledescription=\"slide\" aria-label=\"1 out of 4\"><figure class=\"swiper-slide-inner\"><img decoding=\"async\" class=\"swiper-slide-image\" src=\"https:\/\/ericbrugier.com\/wp-content\/uploads\/2026\/02\/Eric-Brugier-Marchand-dart-Gestion-de-collection-2.webp\" alt=\"Eric Brugier-Art dealer-Collection management\" \/><\/figure><\/div><div class=\"swiper-slide\" role=\"group\" aria-roledescription=\"slide\" aria-label=\"2 sur 4\"><figure class=\"swiper-slide-inner\"><img decoding=\"async\" class=\"swiper-slide-image\" src=\"https:\/\/ericbrugier.com\/wp-content\/uploads\/2026\/02\/A.R.-Penck-Eric-Brugier-marchand-dart-gestion-de-collection.jpg\" alt=\"A.R. Penck - Eric Brugier - art dealer - collection management\" \/><\/figure><\/div><div class=\"swiper-slide\" role=\"group\" aria-roledescription=\"slide\" aria-label=\"3 sur 4\"><figure class=\"swiper-slide-inner\"><img decoding=\"async\" class=\"swiper-slide-image\" src=\"https:\/\/ericbrugier.com\/wp-content\/uploads\/2026\/02\/208E_OlivierDebre_PaysageColorisOrangeetVert_Huilesurtoile_80x99x2cm_1960-Eric-Brugier-marchand-dart-gestion-de-collection.jpg\" alt=\"208E_OlivierDebr\u00e9_PaysageColorisOrangeetVert_Huilesurtoile_80x99x2cm_1960 - \u00c9ric Brugier - art dealer - collection management\" \/><\/figure><\/div><div class=\"swiper-slide\" role=\"group\" aria-roledescription=\"slide\" aria-label=\"4 sur 4\"><figure class=\"swiper-slide-inner\"><img decoding=\"async\" class=\"swiper-slide-image\" src=\"https:\/\/ericbrugier.com\/wp-content\/uploads\/2026\/02\/206E_PierreSoulages__Lithographie-Eric-Brugier-marchand-dart-gestion-de-collection.jpg\" alt=\"206E_PierreSoulages__Lithography - Eric Brugier - art dealer - collection management\" \/><\/figure><\/div>\t\t\t<\/div>\n\t\t\t\t\t\t\t\n\t\t\t\t\t\t\t\t\t<\/div>\n\t\t\t\t\t\t<\/div>\n\t\t\t\t<\/div>\n\t\t<div class=\"elementor-element elementor-element-7542b98 e-con-full e-flex wpr-particle-no wpr-jarallax-no wpr-parallax-no wpr-sticky-section-no e-con e-child\" data-id=\"7542b98\" data-element_type=\"container\" data-e-type=\"container\">\n\t\t\t\t<div class=\"elementor-element elementor-element-3936048 elementor-widget elementor-widget-spacer\" data-id=\"3936048\" data-element_type=\"widget\" data-e-type=\"widget\" data-widget_type=\"spacer.default\">\n\t\t\t\t\t\t\t<div class=\"elementor-spacer\">\n\t\t\t<div class=\"elementor-spacer-inner\"><\/div>\n\t\t<\/div>\n\t\t\t\t\t\t<\/div>\n\t\t\t\t<div class=\"elementor-element elementor-element-21352a7 animated-slow elementor-invisible elementor-widget elementor-widget-heading\" data-id=\"21352a7\" data-element_type=\"widget\" data-e-type=\"widget\" data-settings=\"{&quot;_animation&quot;:&quot;fadeInUp&quot;}\" data-widget_type=\"heading.default\">\n\t\t\t\t\t<h1 class=\"elementor-heading-title elementor-size-default\">\u00c9ric Brugier<br>\nArt dealer<br>\nCollection management<\/h1>\t\t\t\t<\/div>\n\t\t\t\t<div class=\"elementor-element elementor-element-cdb4de6 animated-slow elementor-invisible elementor-widget elementor-widget-text-editor\" data-id=\"cdb4de6\" data-element_type=\"widget\" data-e-type=\"widget\" data-settings=\"{&quot;_animation&quot;:&quot;fadeInUp&quot;}\" data-widget_type=\"text-editor.default\">\n\t\t\t\t\t\t\t\t\t<p>A lifetime of passion for contemporary art and twenty-five years of expertise are the hallmarks of \u00c9ric Brugier's know-how as an expert, curator, consultant and collection manager.<\/p><p>Between major references such as Pierre Soulages, Penck, C\u00e9sar and Jacques Villegl\u00e9, and avant-garde influences such as JonOne, Invader and Fabien Verschaere, \u00c9ric Brugier does not deny himself.<\/p><p>He is an instinctive talent hunter, guided by a vision of contemporary art that transcends time and style.<\/p><p>A demanding collector with a sharp eye, \u00c9ric Brugier combines more than two decades of trend-spotting with a solid network to present here what is close to his heart: choice pieces of undeniable artistic merit.<\/p>\t\t\t\t\t\t\t\t<\/div>\n\t\t\t\t<\/div>\n\t\t\t\t\t<\/div>\n\t\t\t\t<\/div>\n\t\t<div class=\"elementor-element elementor-element-a1ca050 e-con-full elementor-hidden-desktop elementor-hidden-tablet elementor-hidden-mobile e-flex wpr-particle-no wpr-jarallax-no wpr-parallax-no wpr-sticky-section-no e-con e-parent\" data-id=\"a1ca050\" data-element_type=\"container\" data-e-type=\"container\">\n\t\t\t\t<\/div>\n\t\t\t\t<\/div>","protected":false},"excerpt":{"rendered":"<p>\u00c9ric Brugier Art dealer Collection management A lifetime of passion for contemporary art and twenty-five years of expertise are the hallmarks of \u00c9ric Brugier's expertise as an expert, curator, consultant and collection manager. Between major references such as Pierre Soulages, Penck, C\u00e9sar and Jacques Villegl\u00e9, and avant-garde artists such as JonOne, Invader and Fabien Verschaere, \u00c9ric Brugier is not one to deny himself. He is an instinctive talent hunter, guided by a vision of contemporary art that transcends eras and styles. A demanding collector with a sharp eye, \u00c9ric Brugier combines more than two decades of trend-spotting with a solid network to present here what is close to his heart: choice pieces of undeniable artistic merit.<\/p>","protected":false},"author":3,"featured_media":6505,"parent":0,"menu_order":0,"comment_status":"closed","ping_status":"closed","template":"","meta":{"inline_featured_image":false,"footnotes":""},"wf_page_folders":[],"class_list":["post-88","page","type-page","status-publish","has-post-thumbnail","hentry"],"yoast_head":"<!-- This site is optimized with the Yoast SEO plugin v27.3 - https:\/\/yoast.com\/product\/yoast-seo-wordpress\/ -->\n<title>\u00c9ric Brugier : Marchand d&#039;Art Contemporain et Urbain<\/title>\n<meta name=\"description\" content=\"Expert en Art Contemporain et Street Art depuis 25 ans. \u00c9ric Brugier accompagne les collectionneurs dans l&#039;achat et la gestion de collection d&#039;exception.\" \/>\n<meta name=\"robots\" content=\"index, follow, max-snippet:-1, max-image-preview:large, max-video-preview:-1\" \/>\n<link rel=\"canonical\" href=\"https:\/\/ericbrugier.com\/en\/\" \/>\n<meta property=\"og:locale\" content=\"en_GB\" \/>\n<meta property=\"og:type\" content=\"article\" \/>\n<meta property=\"og:title\" content=\"\u00c9ric Brugier : Marchand d&#039;Art Contemporain et Urbain\" \/>\n<meta property=\"og:description\" content=\"Expert en Art Contemporain et Street Art depuis 25 ans. \u00c9ric Brugier accompagne les collectionneurs dans l&#039;achat et la gestion de collection d&#039;exception.\" \/>\n<meta property=\"og:url\" content=\"https:\/\/ericbrugier.com\/en\/\" \/>\n<meta property=\"og:site_name\" content=\"\u00c9ric Brugier - Marchand d&#039;art - Gestion de collection\" \/>\n<meta property=\"article:modified_time\" content=\"2026-02-27T07:16:07+00:00\" \/>\n<meta property=\"og:image\" content=\"https:\/\/ericbrugier.com\/wp-content\/uploads\/2026\/02\/Eric-Brugier-Marchand-dart-Gestion-de-collection.jpg\" \/>\n\t<meta property=\"og:image:width\" content=\"719\" \/>\n\t<meta property=\"og:image:height\" content=\"920\" \/>\n\t<meta property=\"og:image:type\" content=\"image\/jpeg\" \/>\n<meta name=\"twitter:card\" content=\"summary_large_image\" \/>\n<meta name=\"twitter:label1\" content=\"Estimated reading time\" \/>\n\t<meta name=\"twitter:data1\" content=\"2 minutes\" \/>\n<script type=\"application\/ld+json\" class=\"yoast-schema-graph\">{\"@context\":\"https:\\\/\\\/schema.org\",\"@graph\":[{\"@type\":\"WebPage\",\"@id\":\"https:\\\/\\\/ericbrugier.com\\\/\",\"url\":\"https:\\\/\\\/ericbrugier.com\\\/\",\"name\":\"\u00c9ric Brugier : Marchand d'Art Contemporain et Urbain\",\"isPartOf\":{\"@id\":\"https:\\\/\\\/ericbrugier.com\\\/#website\"},\"primaryImageOfPage\":{\"@id\":\"https:\\\/\\\/ericbrugier.com\\\/#primaryimage\"},\"image\":{\"@id\":\"https:\\\/\\\/ericbrugier.com\\\/#primaryimage\"},\"thumbnailUrl\":\"https:\\\/\\\/ericbrugier.com\\\/wp-content\\\/uploads\\\/2026\\\/02\\\/Eric-Brugier-Marchand-dart-Gestion-de-collection.jpg\",\"datePublished\":\"2024-12-30T05:44:28+00:00\",\"dateModified\":\"2026-02-27T07:16:07+00:00\",\"description\":\"Expert en Art Contemporain et Street Art depuis 25 ans. \u00c9ric Brugier accompagne les collectionneurs dans l'achat et la gestion de collection d'exception.\",\"breadcrumb\":{\"@id\":\"https:\\\/\\\/ericbrugier.com\\\/#breadcrumb\"},\"inLanguage\":\"en-GB\",\"potentialAction\":[{\"@type\":\"ReadAction\",\"target\":[\"https:\\\/\\\/ericbrugier.com\\\/\"]}]},{\"@type\":\"ImageObject\",\"inLanguage\":\"en-GB\",\"@id\":\"https:\\\/\\\/ericbrugier.com\\\/#primaryimage\",\"url\":\"https:\\\/\\\/ericbrugier.com\\\/wp-content\\\/uploads\\\/2026\\\/02\\\/Eric-Brugier-Marchand-dart-Gestion-de-collection.jpg\",\"contentUrl\":\"https:\\\/\\\/ericbrugier.com\\\/wp-content\\\/uploads\\\/2026\\\/02\\\/Eric-Brugier-Marchand-dart-Gestion-de-collection.jpg\",\"width\":719,\"height\":920,\"caption\":\"Eric Brugier-Marchand d'art-Gestion de collection\"},{\"@type\":\"BreadcrumbList\",\"@id\":\"https:\\\/\\\/ericbrugier.com\\\/#breadcrumb\",\"itemListElement\":[{\"@type\":\"ListItem\",\"position\":1,\"name\":\"Accueil\",\"item\":\"https:\\\/\\\/ericbrugier.com\\\/\"},{\"@type\":\"ListItem\",\"position\":2,\"name\":\"Accueil\"}]},{\"@type\":\"WebSite\",\"@id\":\"https:\\\/\\\/ericbrugier.com\\\/#website\",\"url\":\"https:\\\/\\\/ericbrugier.com\\\/\",\"name\":\"Eric Brugier - Galerie d'art\",\"description\":\"Marchand d&#039;art et Gestion de collection\",\"publisher\":{\"@id\":\"https:\\\/\\\/ericbrugier.com\\\/#organization\"},\"potentialAction\":[{\"@type\":\"SearchAction\",\"target\":{\"@type\":\"EntryPoint\",\"urlTemplate\":\"https:\\\/\\\/ericbrugier.com\\\/?s={search_term_string}\"},\"query-input\":{\"@type\":\"PropertyValueSpecification\",\"valueRequired\":true,\"valueName\":\"search_term_string\"}}],\"inLanguage\":\"en-GB\"},{\"@type\":\"Organization\",\"@id\":\"https:\\\/\\\/ericbrugier.com\\\/#organization\",\"name\":\"Eric Brugier - Marchand d'art - Gestion de collection\",\"url\":\"https:\\\/\\\/ericbrugier.com\\\/\",\"logo\":{\"@type\":\"ImageObject\",\"inLanguage\":\"en-GB\",\"@id\":\"https:\\\/\\\/ericbrugier.com\\\/#\\\/schema\\\/logo\\\/image\\\/\",\"url\":\"https:\\\/\\\/ericbrugier.com\\\/wp-content\\\/uploads\\\/2025\\\/12\\\/Logo-eric-brugier-1.webp\",\"contentUrl\":\"https:\\\/\\\/ericbrugier.com\\\/wp-content\\\/uploads\\\/2025\\\/12\\\/Logo-eric-brugier-1.webp\",\"width\":1600,\"height\":500,\"caption\":\"Eric Brugier - Marchand d'art - Gestion de collection\"},\"image\":{\"@id\":\"https:\\\/\\\/ericbrugier.com\\\/#\\\/schema\\\/logo\\\/image\\\/\"}}]}<\/script>\n<!-- \/ Yoast SEO plugin. -->","yoast_head_json":{"title":"\u00c9ric Brugier: Contemporary and Urban Art Dealer","description":"An expert in contemporary and street art for 25 years. \u00c9ric Brugier assists collectors in the purchase and management of exceptional collections.","robots":{"index":"index","follow":"follow","max-snippet":"max-snippet:-1","max-image-preview":"max-image-preview:large","max-video-preview":"max-video-preview:-1"},"canonical":"https:\/\/ericbrugier.com\/en\/","og_locale":"en_GB","og_type":"article","og_title":"\u00c9ric Brugier : Marchand d'Art Contemporain et Urbain","og_description":"Expert en Art Contemporain et Street Art depuis 25 ans. \u00c9ric Brugier accompagne les collectionneurs dans l'achat et la gestion de collection d'exception.","og_url":"https:\/\/ericbrugier.com\/en\/","og_site_name":"\u00c9ric Brugier - Marchand d&#039;art - Gestion de collection","article_modified_time":"2026-02-27T07:16:07+00:00","og_image":[{"width":719,"height":920,"url":"https:\/\/ericbrugier.com\/wp-content\/uploads\/2026\/02\/Eric-Brugier-Marchand-dart-Gestion-de-collection.jpg","type":"image\/jpeg"}],"twitter_card":"summary_large_image","twitter_misc":{"Estimated reading time":"2 minutes"},"schema":{"@context":"https:\/\/schema.org","@graph":[{"@type":"WebPage","@id":"https:\/\/ericbrugier.com\/","url":"https:\/\/ericbrugier.com\/","name":"\u00c9ric Brugier: Contemporary and Urban Art Dealer","isPartOf":{"@id":"https:\/\/ericbrugier.com\/#website"},"primaryImageOfPage":{"@id":"https:\/\/ericbrugier.com\/#primaryimage"},"image":{"@id":"https:\/\/ericbrugier.com\/#primaryimage"},"thumbnailUrl":"https:\/\/ericbrugier.com\/wp-content\/uploads\/2026\/02\/Eric-Brugier-Marchand-dart-Gestion-de-collection.jpg","datePublished":"2024-12-30T05:44:28+00:00","dateModified":"2026-02-27T07:16:07+00:00","description":"An expert in contemporary and street art for 25 years. \u00c9ric Brugier assists collectors in the purchase and management of exceptional collections.","breadcrumb":{"@id":"https:\/\/ericbrugier.com\/#breadcrumb"},"inLanguage":"en-GB","potentialAction":[{"@type":"ReadAction","target":["https:\/\/ericbrugier.com\/"]}]},{"@type":"ImageObject","inLanguage":"en-GB","@id":"https:\/\/ericbrugier.com\/#primaryimage","url":"https:\/\/ericbrugier.com\/wp-content\/uploads\/2026\/02\/Eric-Brugier-Marchand-dart-Gestion-de-collection.jpg","contentUrl":"https:\/\/ericbrugier.com\/wp-content\/uploads\/2026\/02\/Eric-Brugier-Marchand-dart-Gestion-de-collection.jpg","width":719,"height":920,"caption":"Eric Brugier-Marchand d'art-Gestion de collection"},{"@type":"BreadcrumbList","@id":"https:\/\/ericbrugier.com\/#breadcrumb","itemListElement":[{"@type":"ListItem","position":1,"name":"Accueil","item":"https:\/\/ericbrugier.com\/"},{"@type":"ListItem","position":2,"name":"Accueil"}]},{"@type":"WebSite","@id":"https:\/\/ericbrugier.com\/#website","url":"https:\/\/ericbrugier.com\/","name":"Eric Brugier - Art gallery","description":"Art dealer and collection management","publisher":{"@id":"https:\/\/ericbrugier.com\/#organization"},"potentialAction":[{"@type":"SearchAction","target":{"@type":"EntryPoint","urlTemplate":"https:\/\/ericbrugier.com\/?s={search_term_string}"},"query-input":{"@type":"PropertyValueSpecification","valueRequired":true,"valueName":"search_term_string"}}],"inLanguage":"en-GB"},{"@type":"Organization","@id":"https:\/\/ericbrugier.com\/#organization","name":"Eric Brugier - Art dealer - Collection management","url":"https:\/\/ericbrugier.com\/","logo":{"@type":"ImageObject","inLanguage":"en-GB","@id":"https:\/\/ericbrugier.com\/#\/schema\/logo\/image\/","url":"https:\/\/ericbrugier.com\/wp-content\/uploads\/2025\/12\/Logo-eric-brugier-1.webp","contentUrl":"https:\/\/ericbrugier.com\/wp-content\/uploads\/2025\/12\/Logo-eric-brugier-1.webp","width":1600,"height":500,"caption":"Eric Brugier - Marchand d'art - Gestion de collection"},"image":{"@id":"https:\/\/ericbrugier.com\/#\/schema\/logo\/image\/"}}]}},"_links":{"self":[{"href":"https:\/\/ericbrugier.com\/en\/wp-json\/wp\/v2\/pages\/88","targetHints":{"allow":["GET"]}}],"collection":[{"href":"https:\/\/ericbrugier.com\/en\/wp-json\/wp\/v2\/pages"}],"about":[{"href":"https:\/\/ericbrugier.com\/en\/wp-json\/wp\/v2\/types\/page"}],"author":[{"embeddable":true,"href":"https:\/\/ericbrugier.com\/en\/wp-json\/wp\/v2\/users\/3"}],"replies":[{"embeddable":true,"href":"https:\/\/ericbrugier.com\/en\/wp-json\/wp\/v2\/comments?post=88"}],"version-history":[{"count":320,"href":"https:\/\/ericbrugier.com\/en\/wp-json\/wp\/v2\/pages\/88\/revisions"}],"predecessor-version":[{"id":8742,"href":"https:\/\/ericbrugier.com\/en\/wp-json\/wp\/v2\/pages\/88\/revisions\/8742"}],"wp:featuredmedia":[{"embeddable":true,"href":"https:\/\/ericbrugier.com\/en\/wp-json\/wp\/v2\/media\/6505"}],"wp:attachment":[{"href":"https:\/\/ericbrugier.com\/en\/wp-json\/wp\/v2\/media?parent=88"}],"wp:term":[{"taxonomy":"wf_page_folders","embeddable":true,"href":"https:\/\/ericbrugier.com\/en\/wp-json\/wp\/v2\/wf_page_folders?post=88"}],"curies":[{"name":"wp","href":"https:\/\/api.w.org\/{rel}","templated":true}]}}